{"id":11,"date":"2021-12-31T09:48:08","date_gmt":"2021-12-31T09:48:08","guid":{"rendered":"https:\/\/www.bluespineclinic.fi\/?page_id=11"},"modified":"2022-03-10T00:29:47","modified_gmt":"2022-03-09T22:29:47","slug":"tietoja","status":"publish","type":"page","link":"https:\/\/www.bluespineclinic.fi\/index.php\/tietoja\/","title":{"rendered":"Tietoja"},"content":{"rendered":"\n<h2>Kuka olen<\/h2>\n\n\n\n<figure class=\"wp-block-image size-large is-resized\"><img decoding=\"async\" loading=\"lazy\" src=\"https:\/\/www.bluespineclinic.fi\/wp-content\/uploads\/2022\/03\/20201019_150338-2-1016x1024.jpg\" alt=\"\" class=\"wp-image-217\" width=\"237\" height=\"238\" srcset=\"https:\/\/www.bluespineclinic.fi\/wp-content\/uploads\/2022\/03\/20201019_150338-2-1016x1024.jpg 1016w, https:\/\/www.bluespineclinic.fi\/wp-content\/uploads\/2022\/03\/20201019_150338-2-298x300.jpg 298w, https:\/\/www.bluespineclinic.fi\/wp-content\/uploads\/2022\/03\/20201019_150338-2-150x150.jpg 150w, https:\/\/www.bluespineclinic.fi\/wp-content\/uploads\/2022\/03\/20201019_150338-2-768x774.jpg 768w, https:\/\/www.bluespineclinic.fi\/wp-content\/uploads\/2022\/03\/20201019_150338-2-1524x1536.jpg 1524w, https:\/\/www.bluespineclinic.fi\/wp-content\/uploads\/2022\/03\/20201019_150338-2-2032x2048.jpg 2032w\" sizes=\"(max-width: 237px) 100vw, 237px\" \/><\/figure>\n\n\n\n<p>Olen Helj\u00e4 Holmstr\u00f6m, urheiluhieroja, ortopedinen osteopaatti ja fysioterapian opiskelija. Valmistuin vuonna 2016 urheiluhierojaksi Suomen Urheiluhierojaopistosta, jonka j\u00e4lkeen tein yritt\u00e4j\u00e4n\u00e4 hierojan t\u00f6it\u00e4 vuoden verran. Aloitin nelivuotiset osteopatian opinnot syksyll\u00e4 2017 Ortopedisen osteopatian koulutuskeskuksessa ja valmistuin syksyll\u00e4 2021 osteopaatiksi. Aloitin 13.1.2022 fysioterapian monimuoto opinnot Metropolian ammattikorkeakoulussa. Teen t\u00f6it\u00e4 opiskelujen ohella 2-3 p\u00e4iv\u00e4n\u00e4 viikossa. Teen my\u00f6s ajoittain torstaisin vuoroja Tuusulassa sijaitsevassa Kehokulmassa. <\/p>\n\n\n\n<p>Olen harrastanut koko ik\u00e4ni ratsastusta sek\u00e4 laskettelua, joten n\u00e4ist\u00e4 urheilulajeista minulla on laajin tiet\u00e4mys ja kokemus. Kirjoitin l\u00e4hes 100 sivuisen opinn\u00e4ytey\u00f6ni yl\u00e4vartalon neurologiasta ja neurologia kiinnostaa minua erityisen paljon.  <\/p>\n\n\n\n<p><\/p>\n\n\n\n<h2>Ortopedinen osteopatia<\/h2>\n\n\n\n<blockquote class=\"wp-block-quote\"><p>Ortopedinen osteopatia hoitomuotona<\/p><cite>Ortopedinen osteopaatti&nbsp;tutkii ja hoitaa tuki- ja liikuntaelimist\u00f6n&nbsp;kipua ja h\u00e4iri\u00f6tiloja.&nbsp;Osteopaattisessa hoidossa vaivan syyn selvitt\u00e4minen on keskeist\u00e4, sill\u00e4 pelkk\u00e4 oireen hoitaminen ei ole pitk\u00e4j\u00e4nteist\u00e4. L\u00e4hes yht\u00e4 t\u00e4rke\u00e4\u00e4 on jatkohoidon tarpeen tunnistaminen.&nbsp;Ihminen on monimutkainen, toiminnallinen kokonaisuus, jonka osteopaatti&nbsp;ottaa&nbsp;huomioon. Kaikki vaikuttaa kaikkeen ja siksi hoito&nbsp;aloitetaankin&nbsp;alkuhaastattelulla&nbsp;ja vaivan tutkimisella. T\u00e4m\u00e4n j\u00e4lkeen varsinainen hoito rakennetaan yksil\u00f6llisesti erilaisista pehmytkudosten hoitotekniikoista, nivelten mobilisaatioista ja manipulaatioista sek\u00e4 asiakkaan oman kuntouttavan harjoittelun ohjaamisesta.<br>Ortopedinen osteopaatti on Valviran hyv\u00e4ksym\u00e4 korkeakoulutason ammattihenkil\u00f6, jolla on lain mukaan oikeus k\u00e4ytt\u00e4\u00e4 asetuksella s\u00e4\u00e4detty\u00e4 terveydenhuollon ammattihenkil\u00f6n ammattinimikett\u00e4 (nimikesuojattu ammattihenkil\u00f6).<br>\u200b<br>Soory\u00a9<\/cite><\/blockquote>\n\n\n\n<div class=\"is-layout-flex wp-block-buttons\">\n<div class=\"wp-block-button is-style-fill\"><a class=\"wp-block-button__link\" href=\"https:\/\/www.ookk.fi\/ortopedinen-osteopatia\" target=\"_blank\" rel=\"noreferrer noopener\">Lue lis\u00e4\u00e4 ortopedisesta osteopatiasta<\/a><\/div>\n<\/div>\n\n\n\n<p><\/p>\n","protected":false},"excerpt":{"rendered":"<p>Kuka olen Olen Helj\u00e4 Holmstr\u00f6m, urheiluhieroja, ortopedinen osteopaatti ja fysioterapian opiskelija. Valmistuin vuonna 2016 urheiluhierojaksi Suomen Urheiluhierojaopistosta, jonka j\u00e4lkeen tein yritt\u00e4j\u00e4n\u00e4 hierojan t\u00f6it\u00e4 vuoden verran. Aloitin nelivuotiset osteopatian opinnot syksyll\u00e4 2017 Ortopedisen osteopatian koulutuskeskuksessa ja valmistuin syksyll\u00e4 2021 osteopaatiksi. Aloitin 13.1.2022 fysioterapian monimuoto opinnot Metropolian ammattikorkeakoulussa. Teen t\u00f6it\u00e4 opiskelujen ohella 2-3 p\u00e4iv\u00e4n\u00e4 viikossa. Teen my\u00f6s [&hellip;]<\/p>\n","protected":false},"author":1,"featured_media":8,"parent":0,"menu_order":0,"comment_status":"closed","ping_status":"closed","template":"","meta":[],"_links":{"self":[{"href":"https:\/\/www.bluespineclinic.fi\/index.php\/wp-json\/wp\/v2\/pages\/11"}],"collection":[{"href":"https:\/\/www.bluespineclinic.fi\/index.php\/wp-json\/wp\/v2\/pages"}],"about":[{"href":"https:\/\/www.bluespineclinic.fi\/index.php\/wp-json\/wp\/v2\/types\/page"}],"author":[{"embeddable":true,"href":"https:\/\/www.bluespineclinic.fi\/index.php\/wp-json\/wp\/v2\/users\/1"}],"replies":[{"embeddable":true,"href":"https:\/\/www.bluespineclinic.fi\/index.php\/wp-json\/wp\/v2\/comments?post=11"}],"version-history":[{"count":5,"href":"https:\/\/www.bluespineclinic.fi\/index.php\/wp-json\/wp\/v2\/pages\/11\/revisions"}],"predecessor-version":[{"id":218,"href":"https:\/\/www.bluespineclinic.fi\/index.php\/wp-json\/wp\/v2\/pages\/11\/revisions\/218"}],"wp:featuredmedia":[{"embeddable":true,"href":"https:\/\/www.bluespineclinic.fi\/index.php\/wp-json\/wp\/v2\/media\/8"}],"wp:attachment":[{"href":"https:\/\/www.bluespineclinic.fi\/index.php\/wp-json\/wp\/v2\/media?parent=11"}],"curies":[{"name":"wp","href":"https:\/\/api.w.org\/{rel}","templated":true}]}}