{"id":165,"date":"2022-02-13T16:54:29","date_gmt":"2022-02-13T14:54:29","guid":{"rendered":"https:\/\/www.bluespineclinic.fi\/?page_id=165"},"modified":"2022-02-13T17:02:19","modified_gmt":"2022-02-13T15:02:19","slug":"palvelut-2","status":"publish","type":"page","link":"https:\/\/www.bluespineclinic.fi\/index.php\/palvelut-2\/","title":{"rendered":"Palvelut"},"content":{"rendered":"\n<p>Kun varaat aikaa valittavanasi on kaksi vaihtoehtoa: ensik\u00e4ynti tai jatkok\u00e4ynti.<\/p>\n\n\n\n<p><strong>Ensimm\u00e4isell\u00e4 kerralla kun varaat aikaa tai tulet uuden vaivan kanssa varaathan ensik\u00e4ynnin.<\/strong> Ensik\u00e4ynnin pituus on on yleens\u00e4 30-60 minuuttia, mutta l\u00e4hes aina l\u00e4hemp\u00e4n\u00e4 60:t\u00e4 minuuttia ja k\u00e4ynti voi veny\u00e4 jopa 75:een minuuttiin joissakin tapauksissa. T\u00e4m\u00e4 riippuu aina hieman asiakkaasta ja h\u00e4nen vaivastaan tai ongelmastaan. Ensimm\u00e4inen kerta menee yleens\u00e4 l\u00e4hes kokonaan haastatteluun sek\u00e4 tutkimiseen. Vaivan synty, mahdollinen syy ja kaikki oireet k\u00e4yd\u00e4\u00e4n l\u00e4pi tarkasti keskustelemalla. T\u00e4m\u00e4n j\u00e4lkeen vaivan alkuper\u00e4 yritet\u00e4\u00e4n selvitt\u00e4\u00e4 tutkimalla eli tekem\u00e4ll\u00e4 kliinisi\u00e4 testej\u00e4, jotta vaivan syy voitaisiin m\u00e4\u00e4ritt\u00e4\u00e4 mahdollisimman tarkasti. Kun vaivan mahdollinen syy on saatu selvitetty\u00e4 laaditaan asiakkaan kanssa yhdess\u00e4 yksil\u00f6llinen hoitosuunnitelma. Joskus ensik\u00e4ynnill\u00e4 on my\u00f6s aikaa hoitamiselle, mutta t\u00e4m\u00e4 riippuu t\u00e4ysin siit\u00e4 kuinka kauan vaivan syyn selvitt\u00e4minen kest\u00e4\u00e4.<\/p>\n\n\n\n<p><\/p>\n\n\n\n<p><strong>Mik\u00e4li tulet jatkohoitoon saman vaivan kanssa niin valitsethan jatkok\u00e4ynnin.<\/strong>  Jatkok\u00e4ynnin pituus on 30-45 minuuttia. Jatkok\u00e4ynnill\u00e4 viimeist\u00e4\u00e4n aletaan toteuttaa hoitosuunnitelmaa josta keskusteltiin yhdess\u00e4 asiakkaan kanssa ensik\u00e4ynnill\u00e4. Hoitoon voi sis\u00e4lty\u00e4 muun muassa nivelten manipulaatiota tai mobilisaatiota, lihasten ja pehmytkudosten hierontaa, kinesio tai urheiluteippausta sek\u00e4 faskiak\u00e4sittely\u00e4 tai kuntoutusta.<\/p>\n\n\n\n<p>L\u00f6yd\u00e4t lis\u00e4tietoa yksitt\u00e4isist\u00e4 hoitomuodoista, kuten nivelk\u00e4sittelyist\u00e4 ja hieronnasta Palvelut alasivuista. Hoitomuoto p\u00e4\u00e4tet\u00e4\u00e4n aina yhdess\u00e4 asiakkaan kanssa.<\/p>\n","protected":false},"excerpt":{"rendered":"<p>Kun varaat aikaa valittavanasi on kaksi vaihtoehtoa: ensik\u00e4ynti tai jatkok\u00e4ynti. Ensimm\u00e4isell\u00e4 kerralla kun varaat aikaa tai tulet uuden vaivan kanssa varaathan ensik\u00e4ynnin. Ensik\u00e4ynnin pituus on on yleens\u00e4 30-60 minuuttia, mutta l\u00e4hes aina l\u00e4hemp\u00e4n\u00e4 60:t\u00e4 minuuttia ja k\u00e4ynti voi veny\u00e4 jopa 75:een minuuttiin joissakin tapauksissa. T\u00e4m\u00e4 riippuu aina hieman asiakkaasta ja h\u00e4nen vaivastaan tai ongelmastaan. Ensimm\u00e4inen [&hellip;]<\/p>\n","protected":false},"author":1,"featured_media":0,"parent":0,"menu_order":0,"comment_status":"closed","ping_status":"closed","template":"","meta":[],"_links":{"self":[{"href":"https:\/\/www.bluespineclinic.fi\/index.php\/wp-json\/wp\/v2\/pages\/165"}],"collection":[{"href":"https:\/\/www.bluespineclinic.fi\/index.php\/wp-json\/wp\/v2\/pages"}],"about":[{"href":"https:\/\/www.bluespineclinic.fi\/index.php\/wp-json\/wp\/v2\/types\/page"}],"author":[{"embeddable":true,"href":"https:\/\/www.bluespineclinic.fi\/index.php\/wp-json\/wp\/v2\/users\/1"}],"replies":[{"embeddable":true,"href":"https:\/\/www.bluespineclinic.fi\/index.php\/wp-json\/wp\/v2\/comments?post=165"}],"version-history":[{"count":3,"href":"https:\/\/www.bluespineclinic.fi\/index.php\/wp-json\/wp\/v2\/pages\/165\/revisions"}],"predecessor-version":[{"id":170,"href":"https:\/\/www.bluespineclinic.fi\/index.php\/wp-json\/wp\/v2\/pages\/165\/revisions\/170"}],"wp:attachment":[{"href":"https:\/\/www.bluespineclinic.fi\/index.php\/wp-json\/wp\/v2\/media?parent=165"}],"curies":[{"name":"wp","href":"https:\/\/api.w.org\/{rel}","templated":true}]}}