{"id":46,"date":"2021-12-31T17:40:17","date_gmt":"2021-12-31T15:40:17","guid":{"rendered":"https:\/\/www.bluespineclinic.fi\/?page_id=46"},"modified":"2022-10-10T14:26:18","modified_gmt":"2022-10-10T11:26:18","slug":"hinnasto","status":"publish","type":"page","link":"https:\/\/www.bluespineclinic.fi\/index.php\/hinnasto\/","title":{"rendered":"Hinnasto"},"content":{"rendered":"\n<figure class=\"wp-block-table\"><table><tbody><tr><td><strong>Palvelu<\/strong><\/td><td><strong>Kesto<\/strong><\/td><td><strong>Hinta<\/strong><\/td><\/tr><tr><td>Ensik\u00e4ynti<\/td><td>45-75 minuuttia<\/td><td>70\u20ac<\/td><\/tr><tr><td>Jatkok\u00e4ynti 60 min<\/td><td>60 minuuttia<\/td><td>65\u20ac<\/td><\/tr><tr><td>Jatkok\u00e4ynti 45min<\/td><td>45 minuuttia<\/td><td>60\u20ac<\/td><\/tr><\/tbody><\/table><\/figure>\n\n\n\n<p>Maksutavat: kortti, k\u00e4teinen, MobilePay, E-passi, Smartum, Edenred ja Eazybreak<\/p>\n\n\n\n<p><\/p>\n\n\n\n<p><\/p>\n\n\n\n<h2 id=\"ensikaynti\">Ensik\u00e4ynti<\/h2>\n\n\n\n<p>Ensimm\u00e4isell\u00e4 kerralla kun varaat aikaa varaathan ensik\u00e4ynnin. Tai mik\u00e4li olet jo k\u00e4ynyt aikaisemmin, mutta tulet nyt uuden vaivan kanssa. Ensik\u00e4ynnin pituus on on yleens\u00e4 45-60 minuuttia, mutta l\u00e4hes aina l\u00e4hemp\u00e4n\u00e4 60:t\u00e4 minuuttia ja k\u00e4ynti voi veny\u00e4 jopa 75:een minuuttiin joissakin tapauksissa. T\u00e4m\u00e4 riippuu aina hieman asiakkaasta ja h\u00e4nen vaivastaan tai ongelmastaan. Ensimm\u00e4inen kerta menee yleens\u00e4 l\u00e4hes kokonaan haastatteluun sek\u00e4 tutkimiseen. Vaivan synty, mahdollinen syy ja kaikki oireet k\u00e4yd\u00e4\u00e4n l\u00e4pi tarkasti keskustelemalla. T\u00e4m\u00e4n j\u00e4lkeen vaivan alkuper\u00e4 yritet\u00e4\u00e4n selvitt\u00e4\u00e4 tutkimalla eli tekem\u00e4ll\u00e4 kliinisi\u00e4 testej\u00e4, jotta vaivan syy voitaisiin m\u00e4\u00e4ritt\u00e4\u00e4 mahdollisimman tarkasti. Kun vaivan mahdollinen syy on saatu selvitetty\u00e4 laaditaan asiakkaan kanssa yhdess\u00e4 yksil\u00f6llinen hoitosuunnitelma. Joskus ensik\u00e4ynnill\u00e4 on my\u00f6s aikaa hoitamiselle, mutta t\u00e4m\u00e4 riippuu t\u00e4ysin siit\u00e4 kuinka kauan vaivan syyn selvitt\u00e4minen kest\u00e4\u00e4.<\/p>\n\n\n\n<p><\/p>\n\n\n\n<h2 id=\"jatkokaynti\">Jatkok\u00e4ynti<\/h2>\n\n\n\n<p>Mik\u00e4li olet jo k\u00e4ynyt aikaisemmin hoidossa niin varaathan jatkok\u00e4ynnin. Jatkok\u00e4ynti\u00e4 on varattavissa kahdella eri pituudella: 45 tai 60 minuuttia. Tarvittavan jatkok\u00e4ynnin pituudesta keskustellaan yhdess\u00e4 asiakkaan kanssa ensik\u00e4ynnill\u00e4. Jatkok\u00e4ynnill\u00e4 viimeist\u00e4\u00e4n aletaan toteuttaa hoitosuunnitelmaa josta keskusteltiin yhdess\u00e4 asiakkaan kanssa ensik\u00e4ynnill\u00e4. Hoitoon voi sis\u00e4lty\u00e4 muun muassa nivelten manipulaatiota tai mobilisaatiota, lihasten ja pehmytkudosten hierontaa, kinesio tai urheiluteippausta sek\u00e4 faskiak\u00e4sittely\u00e4 tai kuntoutusta.<\/p>\n\n\n\n<p> <\/p>\n\n\n\n<p><\/p>\n\n\n\n<p><\/p>\n\n\n\n<figure class=\"wp-block-image size-large is-resized\"><img decoding=\"async\" loading=\"lazy\" src=\"https:\/\/www.bluespineclinic.fi\/wp-content\/uploads\/2022\/01\/Na\u0308ytto\u0308kuva-2022-1-19-kello-23.18.38-1024x507.png\" alt=\"\" class=\"wp-image-125\" width=\"645\" height=\"318\" srcset=\"https:\/\/www.bluespineclinic.fi\/wp-content\/uploads\/2022\/01\/Na\u0308ytto\u0308kuva-2022-1-19-kello-23.18.38-1024x507.png 1024w, https:\/\/www.bluespineclinic.fi\/wp-content\/uploads\/2022\/01\/Na\u0308ytto\u0308kuva-2022-1-19-kello-23.18.38-300x149.png 300w, https:\/\/www.bluespineclinic.fi\/wp-content\/uploads\/2022\/01\/Na\u0308ytto\u0308kuva-2022-1-19-kello-23.18.38-768x380.png 768w, https:\/\/www.bluespineclinic.fi\/wp-content\/uploads\/2022\/01\/Na\u0308ytto\u0308kuva-2022-1-19-kello-23.18.38-1536x760.png 1536w, https:\/\/www.bluespineclinic.fi\/wp-content\/uploads\/2022\/01\/Na\u0308ytto\u0308kuva-2022-1-19-kello-23.18.38.png 2004w\" sizes=\"(max-width: 645px) 100vw, 645px\" \/><\/figure>\n\n\n\n<p><\/p>\n","protected":false},"excerpt":{"rendered":"<p>Palvelu Kesto Hinta Ensik\u00e4ynti 45-75 minuuttia 70\u20ac Jatkok\u00e4ynti 60 min 60 minuuttia 65\u20ac Jatkok\u00e4ynti 45min 45 minuuttia 60\u20ac Maksutavat: kortti, k\u00e4teinen, MobilePay, E-passi, Smartum, Edenred ja Eazybreak Ensik\u00e4ynti Ensimm\u00e4isell\u00e4 kerralla kun varaat aikaa varaathan ensik\u00e4ynnin. Tai mik\u00e4li olet jo k\u00e4ynyt aikaisemmin, mutta tulet nyt uuden vaivan kanssa. Ensik\u00e4ynnin pituus on on yleens\u00e4 45-60 minuuttia, mutta [&hellip;]<\/p>\n","protected":false},"author":1,"featured_media":0,"parent":0,"menu_order":0,"comment_status":"closed","ping_status":"closed","template":"","meta":[],"_links":{"self":[{"href":"https:\/\/www.bluespineclinic.fi\/index.php\/wp-json\/wp\/v2\/pages\/46"}],"collection":[{"href":"https:\/\/www.bluespineclinic.fi\/index.php\/wp-json\/wp\/v2\/pages"}],"about":[{"href":"https:\/\/www.bluespineclinic.fi\/index.php\/wp-json\/wp\/v2\/types\/page"}],"author":[{"embeddable":true,"href":"https:\/\/www.bluespineclinic.fi\/index.php\/wp-json\/wp\/v2\/users\/1"}],"replies":[{"embeddable":true,"href":"https:\/\/www.bluespineclinic.fi\/index.php\/wp-json\/wp\/v2\/comments?post=46"}],"version-history":[{"count":15,"href":"https:\/\/www.bluespineclinic.fi\/index.php\/wp-json\/wp\/v2\/pages\/46\/revisions"}],"predecessor-version":[{"id":271,"href":"https:\/\/www.bluespineclinic.fi\/index.php\/wp-json\/wp\/v2\/pages\/46\/revisions\/271"}],"wp:attachment":[{"href":"https:\/\/www.bluespineclinic.fi\/index.php\/wp-json\/wp\/v2\/media?parent=46"}],"curies":[{"name":"wp","href":"https:\/\/api.w.org\/{rel}","templated":true}]}}